{"id":669,"date":"2025-05-22T15:05:07","date_gmt":"2025-05-22T15:05:07","guid":{"rendered":"https:\/\/dsg1988.de\/?page_id=669"},"modified":"2025-05-22T16:00:07","modified_gmt":"2025-05-22T16:00:07","slug":"foerdermitglied-werden","status":"publish","type":"page","link":"https:\/\/dsg1988.de\/?page_id=669","title":{"rendered":"F\u00f6rdermitglied werden!"},"content":{"rendered":"\n<p>Seit 2023 sind wir vom CJD, einem gro\u00dfen Sozialtr\u00e4ger, ausgegliedert. Das stellt uns vor gro\u00dfe finanzielle Herausforderungen, denn seit 2024 m\u00fcssen wir Hallenmiete bezahlen. Diese betr\u00e4gt mehr als ein Drittel unseres Jahreshaushaltes. Neben der Miete m\u00f6chten wir jedoch auch unseren Qualit\u00e4tsanspr\u00fcchen an den Sportbetrieb gerecht werden. Der Trainingsbetrieb und die Fortbildung unserer Trainerinnen und Trainer wollen ebenso bezahlt werden, wie Breitesportaktionen und Co. Um unsere Angebote kosteng\u00fcnstig zu halten, sind wir auf F\u00f6rderungen angewiesen. <strong>Dabei kannst du uns schon mit 5\u20ac im Monat helfen!<\/strong><\/p>\n\n\n\n<p><strong>Das bieten wir dir:<\/strong><\/p>\n\n\n\n<ul>\n<li>Stimmberechtigung auf der Mitgliederversammlung<\/li>\n\n\n\n<li>Ein j\u00e4hrliches Pr\u00e4sent zu Weihnachten \u2013 dazu schreiben wir dir, was du dieses Jahr mit deiner Spende bewegt hast!<\/li>\n\n\n\n<li>Dazu eine Quittung \u00fcber deinen Jahresbeitrag f\u00fcr deine Steuererkl\u00e4rung<\/li>\n<\/ul>\n\n\n\n<p><strong>So wirst du F\u00f6rdermitglied<\/strong><\/p>\n\n\n\n<ul>\n<li>Schreibe einfach unserem Vorstand unter vorstand@dsg1988.de!<\/li>\n<\/ul>\n\n\n\n<h2 class=\"wp-block-heading\">F\u00f6rdere auch du Gro\u00df und Klein!<\/h2>\n\n\n\n<figure class=\"wp-block-image size-large\"><img decoding=\"async\" loading=\"lazy\" width=\"682\" height=\"1024\" src=\"https:\/\/dsg1988.de\/wp-content\/uploads\/2025\/05\/Fotolia_18376243_M-682x1024.jpg\" alt=\"\" class=\"wp-image-667\" srcset=\"https:\/\/dsg1988.de\/wp-content\/uploads\/2025\/05\/Fotolia_18376243_M-682x1024.jpg 682w, https:\/\/dsg1988.de\/wp-content\/uploads\/2025\/05\/Fotolia_18376243_M-200x300.jpg 200w, https:\/\/dsg1988.de\/wp-content\/uploads\/2025\/05\/Fotolia_18376243_M-768x1152.jpg 768w, https:\/\/dsg1988.de\/wp-content\/uploads\/2025\/05\/Fotolia_18376243_M-1024x1536.jpg 1024w, https:\/\/dsg1988.de\/wp-content\/uploads\/2025\/05\/Fotolia_18376243_M.jpg 1125w\" sizes=\"(max-width: 682px) 100vw, 682px\" \/><\/figure>\n","protected":false},"excerpt":{"rendered":"<p>Seit 2023 sind wir vom CJD, einem gro\u00dfen Sozialtr\u00e4ger, ausgegliedert. Das stellt uns vor gro\u00dfe finanzielle Herausforderungen, denn seit 2024 m\u00fcssen wir Hallenmiete bezahlen. Diese betr\u00e4gt mehr als [&hellip;]<\/p>\n","protected":false},"author":1,"featured_media":667,"parent":0,"menu_order":0,"comment_status":"closed","ping_status":"closed","template":"","meta":{"om_disable_all_campaigns":false,"_monsterinsights_skip_tracking":false,"_monsterinsights_sitenote_active":false,"_monsterinsights_sitenote_note":"","_monsterinsights_sitenote_category":0,"footnotes":""},"aioseo_notices":[],"_links":{"self":[{"href":"https:\/\/dsg1988.de\/index.php?rest_route=\/wp\/v2\/pages\/669"}],"collection":[{"href":"https:\/\/dsg1988.de\/index.php?rest_route=\/wp\/v2\/pages"}],"about":[{"href":"https:\/\/dsg1988.de\/index.php?rest_route=\/wp\/v2\/types\/page"}],"author":[{"embeddable":true,"href":"https:\/\/dsg1988.de\/index.php?rest_route=\/wp\/v2\/users\/1"}],"replies":[{"embeddable":true,"href":"https:\/\/dsg1988.de\/index.php?rest_route=%2Fwp%2Fv2%2Fcomments&post=669"}],"version-history":[{"count":2,"href":"https:\/\/dsg1988.de\/index.php?rest_route=\/wp\/v2\/pages\/669\/revisions"}],"predecessor-version":[{"id":673,"href":"https:\/\/dsg1988.de\/index.php?rest_route=\/wp\/v2\/pages\/669\/revisions\/673"}],"wp:featuredmedia":[{"embeddable":true,"href":"https:\/\/dsg1988.de\/index.php?rest_route=\/wp\/v2\/media\/667"}],"wp:attachment":[{"href":"https:\/\/dsg1988.de\/index.php?rest_route=%2Fwp%2Fv2%2Fmedia&parent=669"}],"curies":[{"name":"wp","href":"https:\/\/api.w.org\/{rel}","templated":true}]}}