{"id":36,"date":"2023-10-03T13:34:03","date_gmt":"2023-10-03T13:34:03","guid":{"rendered":"https:\/\/dsg1988.de\/?page_id=36"},"modified":"2024-12-24T10:50:22","modified_gmt":"2024-12-24T10:50:22","slug":"judotrainer","status":"publish","type":"page","link":"https:\/\/dsg1988.de\/?page_id=36","title":{"rendered":"Judotrainer"},"content":{"rendered":"\n<p class=\"has-white-color has-primary-background-color has-text-color has-background\"><strong><a href=\"https:\/\/dsg1988.de\/?page_id=36\" data-type=\"page\" data-id=\"36\">Judo-Trainer<\/a> | <a href=\"https:\/\/dsg1988.de\/?page_id=34\" data-type=\"page\" data-id=\"34\">Probetraining<\/a> | <a href=\"https:\/\/dsg1988.de\/?page_id=403\" data-type=\"page\" data-id=\"403\">Asthma-Judo<\/a> | <a href=\"https:\/\/dsg1988.de\/?page_id=410\" data-type=\"page\" data-id=\"410\">Back to Black &#8211; Endllich Schwarzgurt<\/a> | <a href=\"https:\/\/dsg1988.de\/?page_id=57\" data-type=\"page\" data-id=\"57\">FAQ-Judo<\/a> | <a href=\"https:\/\/dsg1988.de\/?page_id=95\" data-type=\"page\" data-id=\"95\">Erfolge und Historie<\/a> | <a href=\"https:\/\/dsg1988.de\/?cat=5\">Latest New<\/a><\/strong><a href=\"https:\/\/dsg1988.de\/?cat=5\">s<\/a><\/p>\n\n\n\n<p><br><\/p>\n\n\n\n<h1 class=\"wp-block-heading\">Judotrainer<\/h1>\n\n\n\n<div class=\"wp-block-media-text is-stacked-on-mobile is-style-default\" style=\"grid-template-columns:27% auto\"><figure class=\"wp-block-media-text__media\"><img decoding=\"async\" loading=\"lazy\" width=\"215\" height=\"300\" src=\"https:\/\/dsg1988.de\/wp-content\/uploads\/2023\/10\/Frederic-van-Dyk-215x300-1.jpg\" alt=\"\" class=\"wp-image-39 size-full\"\/><\/figure><div class=\"wp-block-media-text__content\">\n<p><strong><em>Frederic van Dyk<\/em> <\/strong>ist seit 2004 Mitglied bei der Sportgemeinschaft und trat als 9-J\u00e4hriger dem Verein bei. Er ist seit 2012 als \u00dcbungsleiter bei der Sportgemeinschaft t\u00e4tig und seit 2016 Trainer-C-lizensiert. Seit September 2018 ist er Dantr\u00e4ger. In seiner Zeit bei der Sportgemeinschaft kann er auf Erfolge in Kreis- und Bezirksebene zur\u00fcckblicken. Inzwischen leitet er die Judoabteilung der Sportgemeinschaft. Seit 2021 ist er als Trainer-B (Gewaltpr\u00e4vention) lizensiert. Bis zu seiner Wahl zum 1. Vorsitzenden im Jahr 2023 war er au\u00dferdem einer der beiden Kinderschutzbeauftragten des Vereins. Er erlangte zuletzt im Herbst 2024 den 3. Dan. Zudem ist er studierter P\u00e4dagoge mit dem Abschluss Master of Education.<\/p>\n<\/div><\/div>\n\n\n\n<div class=\"wp-block-media-text is-stacked-on-mobile\" style=\"grid-template-columns:28% auto\"><figure class=\"wp-block-media-text__media\"><img decoding=\"async\" loading=\"lazy\" width=\"225\" height=\"300\" src=\"https:\/\/dsg1988.de\/wp-content\/uploads\/2023\/10\/Nicole-Gaa-225x300-1.jpg\" alt=\"\" class=\"wp-image-40 size-full\"\/><\/figure><div class=\"wp-block-media-text__content\">\n<p><em><strong>Nicole Gaa <\/strong><\/em>ist seit 2016 Trainerin in der Sportgemeinschaft und Dantr\u00e4gerin seit 2018. Vor ihrem Einstieg in Kley war sie beim JC Dortmund-Dorstfeld bis zu dessen Aufl\u00f6sung als \u00dcbungsleiterin t\u00e4tig. In der Jugend konnte sie dort einige Erfolge einfahren und kam schlie\u00dflich 2015 zur Pr\u00fcfungsvorbereitung zur Sportgemeinschaft. Danach ist sie nie wieder gegangen. Seit 2024 ist Nicole mit dem 3. Dan graduiert. Die Studentin k\u00e4mpft bei den Damen des L\u00fcner SV und ist bei uns vor allem f\u00fcr die Pr\u00fcfungsvorbereitung zust\u00e4ndig. Dar\u00fcberhinaus ist sie St\u00fctzpunktleiterin an der Fine-Frau-Grundschule in Dorstfeld (<em>zurzeit kein Training<\/em>). Daf\u00fcr ist sie \u00fcber den Nordrhein-Westf\u00e4lischen Judoverband mit einer Trainer-C-Lizenz im Judo-Breitensport lizensiert. Neben dem Kindertraining gibt sie inzwischen auch Seniorentraining und wei\u00df dort ihre Expertise als Judomeisterin an die Trainingsteilnehmer weiterzugeben. Neben Neulingen im Judosport sind bei ihr auch \u201cewige\u201d Braungurte willkommen, die endlich ihren Schwarzgurt erlangen wollen.<\/p>\n<\/div><\/div>\n\n\n\n<div class=\"wp-block-media-text is-stacked-on-mobile\" style=\"grid-template-columns:28% auto\"><figure class=\"wp-block-media-text__media\"><img decoding=\"async\" loading=\"lazy\" width=\"785\" height=\"1024\" src=\"https:\/\/dsg1988.de\/wp-content\/uploads\/2024\/01\/WhatsApp-Bild-2024-01-07-um-13.45.39_489fcc0f-785x1024.jpg\" alt=\"\" class=\"wp-image-307 size-full\" srcset=\"https:\/\/dsg1988.de\/wp-content\/uploads\/2024\/01\/WhatsApp-Bild-2024-01-07-um-13.45.39_489fcc0f-785x1024.jpg 785w, https:\/\/dsg1988.de\/wp-content\/uploads\/2024\/01\/WhatsApp-Bild-2024-01-07-um-13.45.39_489fcc0f-230x300.jpg 230w, https:\/\/dsg1988.de\/wp-content\/uploads\/2024\/01\/WhatsApp-Bild-2024-01-07-um-13.45.39_489fcc0f-768x1001.jpg 768w, https:\/\/dsg1988.de\/wp-content\/uploads\/2024\/01\/WhatsApp-Bild-2024-01-07-um-13.45.39_489fcc0f.jpg 882w\" sizes=\"(max-width: 785px) 100vw, 785px\" \/><\/figure><div class=\"wp-block-media-text__content\">\n<p><strong>Gerrit van de Velden<\/strong> ist seit 2022 Mitglied in der Sportgemeinschaft. Seine Geschichte l\u00e4sst sich kurz zusammenfassen: Er kam in den Verein und ging nie wieder. Gerrit ist seit 2021 mit dem 1. Dan graduiert und in Besitz einer Trainer-C Lizenz f\u00fcr den Breitensport. Seine ruhige und analytische Art macht ihn zum perfekten Techniktrainer.<\/p>\n<\/div><\/div>\n\n\n\n<p><\/p>\n\n\n\n<div class=\"wp-block-media-text is-stacked-on-mobile\" style=\"grid-template-columns:29% auto\"><figure class=\"wp-block-media-text__media\"><img decoding=\"async\" loading=\"lazy\" width=\"769\" height=\"1024\" src=\"https:\/\/dsg1988.de\/wp-content\/uploads\/2023\/10\/Leonard-Dirr-1538x2048-1-769x1024.jpg\" alt=\"\" class=\"wp-image-46 size-full\" srcset=\"https:\/\/dsg1988.de\/wp-content\/uploads\/2023\/10\/Leonard-Dirr-1538x2048-1-769x1024.jpg 769w, https:\/\/dsg1988.de\/wp-content\/uploads\/2023\/10\/Leonard-Dirr-1538x2048-1-225x300.jpg 225w, https:\/\/dsg1988.de\/wp-content\/uploads\/2023\/10\/Leonard-Dirr-1538x2048-1-768x1023.jpg 768w, https:\/\/dsg1988.de\/wp-content\/uploads\/2023\/10\/Leonard-Dirr-1538x2048-1-1154x1536.jpg 1154w, https:\/\/dsg1988.de\/wp-content\/uploads\/2023\/10\/Leonard-Dirr-1538x2048-1.jpg 1538w\" sizes=\"(max-width: 769px) 100vw, 769px\" \/><\/figure><div class=\"wp-block-media-text__content\">\n<p><em><strong>Leonard Dirr<\/strong> <\/em>ist langj\u00e4hriges Vereinsmitglied der Sportgemeinschaft und ist vom NWJV als Trainer-C lizensiert. In der Jugend war er vor allem auf Kreisebene erfolgreich. Mit seiner Disziplin und Leidenschaft f\u00fcr den Judosport vermittelt er die Werte, f\u00fcr die wir in der Judoabteilung stehen. Als angehender Sozialarbeiter ist er die dritte p\u00e4dagogische Kraft im Trainer-Team. Er ist Tr\u00e4ger des 1. Kyu (braun). <\/p>\n<\/div><\/div>\n\n\n\n<div class=\"wp-block-media-text is-stacked-on-mobile\" style=\"grid-template-columns:29% auto\"><figure class=\"wp-block-media-text__media\"><img decoding=\"async\" loading=\"lazy\" width=\"374\" height=\"523\" src=\"https:\/\/dsg1988.de\/wp-content\/uploads\/2023\/10\/Jannis-Pohl.jpg\" alt=\"\" class=\"wp-image-45 size-full\" srcset=\"https:\/\/dsg1988.de\/wp-content\/uploads\/2023\/10\/Jannis-Pohl.jpg 374w, https:\/\/dsg1988.de\/wp-content\/uploads\/2023\/10\/Jannis-Pohl-215x300.jpg 215w\" sizes=\"(max-width: 374px) 100vw, 374px\" \/><\/figure><div class=\"wp-block-media-text__content\">\n<p><em><strong>Jannis Pohl<\/strong> <\/em>ist seit Oktober 2021 als Trainerassistent qualifiziert. Sein gr\u00f6\u00dfter Erfolg war ein siebter Platz auf den Westdeutschen Einzelmeisterschaft der U15 im Jahr 2020. Er ist langj\u00e4hriges Vereinsmitglied und bringt sich mit viel Engagement in die Trainingsplanung ein. Graduiert ist er mit dem 2. Kyu (blau).<\/p>\n<\/div><\/div>\n\n\n\n<div class=\"wp-block-media-text is-stacked-on-mobile\" style=\"grid-template-columns:29% auto\"><figure class=\"wp-block-media-text__media\"><img decoding=\"async\" loading=\"lazy\" width=\"333\" height=\"466\" src=\"https:\/\/dsg1988.de\/wp-content\/uploads\/2023\/10\/Kelvin-Kleinschmidt.jpg\" alt=\"\" class=\"wp-image-47 size-full\" srcset=\"https:\/\/dsg1988.de\/wp-content\/uploads\/2023\/10\/Kelvin-Kleinschmidt.jpg 333w, https:\/\/dsg1988.de\/wp-content\/uploads\/2023\/10\/Kelvin-Kleinschmidt-214x300.jpg 214w\" sizes=\"(max-width: 333px) 100vw, 333px\" \/><\/figure><div class=\"wp-block-media-text__content\">\n<p><em><strong>Kelvin Kleinschmidt<\/strong><\/em> ist seit 2022 Trainerassistent bei der Sportgemeinschaft. Sein gr\u00f6\u00dfter Erfolg war sein siebter Platz auf den Westdeutschen Meisterschaften 2020. Als Bewegungstalent lebt er den Spa\u00df an komplexen \u00dcbungen vor und wei\u00df sie \u00fcberzeugend zu vermitteln. Er ist Tr\u00e4ger des 1. Kyu (braun). <\/p>\n<\/div><\/div>\n\n\n\n<p><strong><em>Dennis Adams<\/em> <\/strong>ist seit 2006 bei der Sportgemeinschaft. Zuvor war er lange Zeit beim Dortmunder BSV t\u00e4tig. Seine unvergleichliche Art lockte jede Woche viele erwachsene Judoka auf die Tatami in Kley. Er ist Tr\u00e4ger des 1. Dan, in Besitz der Trainer-B-Lizenz und Sportp\u00e4dagoge. Seine erfolgreiche sportliche Karriere f\u00fchrte ihn bis in die zweite Bundesliga. Seine Gymnastik am Ball ist legend\u00e4r. Seit Anfang 2020 steht er der Sportgemeinschaft \u201cnur\u201d noch als Pr\u00fcfer zur Verf\u00fcgung. Das Seniorentraining hat Frederic van Dyk \u00fcbernommen. Seit Dezember 2023 ist er Ehrenmitglied der Sportgemeinschaft.<\/p>\n\n\n\n<p><\/p>\n\n\n\n<hr class=\"wp-block-separator has-alpha-channel-opacity\"\/>\n\n\n\n<p><strong>Ehemalige:<\/strong><\/p>\n\n\n\n<p>Bado Moschner (Tr.C bis 2023)<br>Amina Moschner (Tr.C bis 2019)<br>Dirk Michel (Pr\u00fcfungstrainer von 2010-2013)<br>Tobias H\u00f6lper (Mitbegr\u00fcnder der Judoabteilung; Kassenwart der Sportgemeinschaft bis 2023)<br>Stefan Kaiser (Tr.C und Jugendwart bis 2015)<br>Matthias Buchheidt (Tr.Ass. bis 2014)<br>Kim H\u00e4nsch (Ehrenmitglied, Tr.C und Jugendwart bis 2012)<br>Nico Jacobs (Tr.Ass. bis 2011)<br>David Osaghe (Trainer bis 2007)<br>Christian Genkinger (Ehrenmitglied, Trainer bis 2006)<\/p>\n","protected":false},"excerpt":{"rendered":"<p>Judo-Trainer | Probetraining | Asthma-Judo | Back to Black &#8211; Endllich Schwarzgurt | FAQ-Judo | Erfolge und Historie | Latest News Judotrainer Frederic van Dyk ist seit 2004 [&hellip;]<\/p>\n","protected":false},"author":1,"featured_media":0,"parent":0,"menu_order":0,"comment_status":"closed","ping_status":"closed","template":"","meta":{"om_disable_all_campaigns":false,"_monsterinsights_skip_tracking":false,"_monsterinsights_sitenote_active":false,"_monsterinsights_sitenote_note":"","_monsterinsights_sitenote_category":0,"footnotes":""},"aioseo_notices":[],"_links":{"self":[{"href":"https:\/\/dsg1988.de\/index.php?rest_route=\/wp\/v2\/pages\/36"}],"collection":[{"href":"https:\/\/dsg1988.de\/index.php?rest_route=\/wp\/v2\/pages"}],"about":[{"href":"https:\/\/dsg1988.de\/index.php?rest_route=\/wp\/v2\/types\/page"}],"author":[{"embeddable":true,"href":"https:\/\/dsg1988.de\/index.php?rest_route=\/wp\/v2\/users\/1"}],"replies":[{"embeddable":true,"href":"https:\/\/dsg1988.de\/index.php?rest_route=%2Fwp%2Fv2%2Fcomments&post=36"}],"version-history":[{"count":16,"href":"https:\/\/dsg1988.de\/index.php?rest_route=\/wp\/v2\/pages\/36\/revisions"}],"predecessor-version":[{"id":590,"href":"https:\/\/dsg1988.de\/index.php?rest_route=\/wp\/v2\/pages\/36\/revisions\/590"}],"wp:attachment":[{"href":"https:\/\/dsg1988.de\/index.php?rest_route=%2Fwp%2Fv2%2Fmedia&parent=36"}],"curies":[{"name":"wp","href":"https:\/\/api.w.org\/{rel}","templated":true}]}}