{"id":34,"date":"2023-10-03T13:31:49","date_gmt":"2023-10-03T13:31:49","guid":{"rendered":"https:\/\/dsg1988.de\/?page_id=34"},"modified":"2024-12-24T10:50:39","modified_gmt":"2024-12-24T10:50:39","slug":"probetraining-und-ferienkurs","status":"publish","type":"page","link":"https:\/\/dsg1988.de\/?page_id=34","title":{"rendered":"Probetraining und Probekurs"},"content":{"rendered":"\n<p class=\"has-white-color has-primary-background-color has-text-color has-background\"><strong><a href=\"https:\/\/dsg1988.de\/?page_id=36\" data-type=\"page\" data-id=\"36\">Judo-Trainer<\/a> | <a href=\"https:\/\/dsg1988.de\/?page_id=34\" data-type=\"page\" data-id=\"34\">Probetraining<\/a> | <a href=\"https:\/\/dsg1988.de\/?page_id=403\" data-type=\"page\" data-id=\"403\">Asthma-Judo<\/a> | <a href=\"https:\/\/dsg1988.de\/?page_id=410\" data-type=\"page\" data-id=\"410\">Back to Black &#8211; Endllich Schwarzgurt<\/a> | <a href=\"https:\/\/dsg1988.de\/?page_id=57\" data-type=\"page\" data-id=\"57\">FAQ-Judo<\/a> | <a href=\"https:\/\/dsg1988.de\/?page_id=95\" data-type=\"page\" data-id=\"95\">Erfolge und Historie<\/a> | <a href=\"https:\/\/dsg1988.de\/?cat=5\">Latest New<\/a><\/strong><a href=\"https:\/\/dsg1988.de\/?cat=5\">s<\/a><\/p>\n\n\n\n<p><strong>Probetraining<\/strong><\/p>\n\n\n\n<div class=\"wp-block-media-text has-media-on-the-right is-stacked-on-mobile\"><div class=\"wp-block-media-text__content\">\n<p>Probetraining ist bei uns <strong>jederzeit und kostenlos<\/strong> m\u00f6glich. Komm einfach zu den normalen Trainingszeiten vorbei. F\u00fcr dein erstes Training brauchst du normale Sportsachen mit langer Sporthose und etwas zu trinken. Sportschuhe sind nicht notwendig. Melde dich am besten einige Tage vorher unter <strong>kontakt@dsg1988.de. <\/strong>Du kannst drei Wochen kostenlos teilnehmen und dich dann entscheiden, ob du Mitglied werden m\u00f6chtest.<\/p>\n<\/div><figure class=\"wp-block-media-text__media\"><img decoding=\"async\" loading=\"lazy\" width=\"1024\" height=\"696\" src=\"https:\/\/dsg1988.de\/wp-content\/uploads\/2023\/10\/P1220310-1024x696.jpg\" alt=\"\" class=\"wp-image-88 size-full\" srcset=\"https:\/\/dsg1988.de\/wp-content\/uploads\/2023\/10\/P1220310-1024x696.jpg 1024w, https:\/\/dsg1988.de\/wp-content\/uploads\/2023\/10\/P1220310-300x204.jpg 300w, https:\/\/dsg1988.de\/wp-content\/uploads\/2023\/10\/P1220310-768x522.jpg 768w, https:\/\/dsg1988.de\/wp-content\/uploads\/2023\/10\/P1220310-1536x1044.jpg 1536w, https:\/\/dsg1988.de\/wp-content\/uploads\/2023\/10\/P1220310.jpg 1853w\" sizes=\"(max-width: 1024px) 100vw, 1024px\" \/><\/figure><\/div>\n\n\n\n<p><strong>Probekurs mit Pr\u00fcfung zum wei\u00df-gelben Gurt<\/strong><\/p>\n\n\n\n<p>Unseren Probekurs bieten ab jetzt auch au\u00dferhalb der Ferien an. Im Unterschied zum normalen Probetraining hast du die M\u00f6glichkeit, in deinen ersten sechs Wochen bei uns eine <strong>Pr\u00fcfung zum Wei\u00dfgelbgurt<\/strong> abzulegen. Wie das Probetraining findet der Probekurs parallel zu den normalen Trainingszeiten statt, sodass du deine k\u00fcnftigen Vereinskameraden und -Kameradinnen sofort kennenlernst. Der Probekurs mit anschlie\u00dfender Pr\u00fcfung kostet <strong>zwanzig Euro<\/strong>. Du zahlst bar vor Ort bei deiner ersten Trainingsteilnahme. Entscheidest du dich anschlie\u00dfend f\u00fcr eine Vereinsmitgliedschaft, erh\u00e4ltst du f\u00fcnfzehn Euro <strong>Cashback. <\/strong>Zum Probekurs bitten wir um Anmeldung unter <strong>kontakt@dsg1988.de<\/strong>.<\/p>\n\n\n\n<p><\/p>\n\n\n\n<p><strong>Unser Angebot im \u00dcberblick:<\/strong><\/p>\n\n\n\n<figure class=\"wp-block-table\"><table><tbody><tr><td><strong>Probetraining<\/strong><\/td><td><strong>Probekurs mit Pr\u00fcfung zum Wei\u00dfgelbgurt<\/strong><\/td><\/tr><tr><td>Jederzeit<\/td><td>Jederzeit<\/td><\/tr><tr><td>Kostenlos<\/td><td>20 Euro, 15 Euro Cashback im Falle einer Vereinsanmeldung<\/td><\/tr><tr><td><\/td><td>Anmeldung unter kontakt@dsg1988.de<\/td><\/tr><\/tbody><\/table><\/figure>\n\n\n\n<p><strong>Unsere Trainingszeiten:<\/strong><\/p>\n\n\n\n<p><em>Halle des CJD Dortmund an der Kleybredde (Kley)<\/em><\/p>\n\n\n\n<figure class=\"wp-block-table\"><table><tbody><tr><td><em>Tag \/ Gruppe<\/em><\/td><td><strong>Kinder U9<\/strong><\/td><td><strong>Kinder U13<\/strong><\/td><td><strong>U15, U18 und Erw.<\/strong><\/td><\/tr><tr><td><strong>Mittwoch<\/strong><\/td><td>17.00-18.00<\/td><td>18.00-19.00<\/td><td>19.00-20.30<\/td><\/tr><tr><td><strong>Samstag<\/strong><\/td><td>11.00-12.00<\/td><td>11.00-12.00<\/td><td>12.00-13.30<\/td><\/tr><\/tbody><\/table><\/figure>\n\n\n\n<p>Treffpunkt zum Aufbau immer eine Viertelstunde fr\u00fcher.<\/p>\n","protected":false},"excerpt":{"rendered":"<p>Judo-Trainer | Probetraining | Asthma-Judo | Back to Black &#8211; Endllich Schwarzgurt | FAQ-Judo | Erfolge und Historie | Latest News Probetraining Probetraining ist bei uns jederzeit und [&hellip;]<\/p>\n","protected":false},"author":1,"featured_media":0,"parent":0,"menu_order":0,"comment_status":"closed","ping_status":"closed","template":"","meta":{"om_disable_all_campaigns":false,"_monsterinsights_skip_tracking":false,"_monsterinsights_sitenote_active":false,"_monsterinsights_sitenote_note":"","_monsterinsights_sitenote_category":0,"footnotes":""},"aioseo_notices":[],"_links":{"self":[{"href":"https:\/\/dsg1988.de\/index.php?rest_route=\/wp\/v2\/pages\/34"}],"collection":[{"href":"https:\/\/dsg1988.de\/index.php?rest_route=\/wp\/v2\/pages"}],"about":[{"href":"https:\/\/dsg1988.de\/index.php?rest_route=\/wp\/v2\/types\/page"}],"author":[{"embeddable":true,"href":"https:\/\/dsg1988.de\/index.php?rest_route=\/wp\/v2\/users\/1"}],"replies":[{"embeddable":true,"href":"https:\/\/dsg1988.de\/index.php?rest_route=%2Fwp%2Fv2%2Fcomments&post=34"}],"version-history":[{"count":7,"href":"https:\/\/dsg1988.de\/index.php?rest_route=\/wp\/v2\/pages\/34\/revisions"}],"predecessor-version":[{"id":591,"href":"https:\/\/dsg1988.de\/index.php?rest_route=\/wp\/v2\/pages\/34\/revisions\/591"}],"wp:attachment":[{"href":"https:\/\/dsg1988.de\/index.php?rest_route=%2Fwp%2Fv2%2Fmedia&parent=34"}],"curies":[{"name":"wp","href":"https:\/\/api.w.org\/{rel}","templated":true}]}}