{"id":32,"date":"2023-10-03T13:26:28","date_gmt":"2023-10-03T13:26:28","guid":{"rendered":"https:\/\/dsg1988.de\/?page_id=32"},"modified":"2026-01-02T11:43:32","modified_gmt":"2026-01-02T11:43:32","slug":"judo","status":"publish","type":"page","link":"https:\/\/dsg1988.de\/?page_id=32","title":{"rendered":"Judo"},"content":{"rendered":"\n<p class=\"has-white-color has-primary-background-color has-text-color has-background\"><strong><a href=\"https:\/\/dsg1988.de\/?page_id=36\" data-type=\"page\" data-id=\"36\">Judo-Trainer<\/a> | <a href=\"https:\/\/dsg1988.de\/?page_id=34\" data-type=\"page\" data-id=\"34\">Probetraining<\/a> | <a href=\"https:\/\/dsg1988.de\/?page_id=403\" data-type=\"page\" data-id=\"403\">Asthma-Judo<\/a> | <a href=\"https:\/\/dsg1988.de\/?page_id=410\" data-type=\"page\" data-id=\"410\">Back to Black &#8211; Endllich Schwarzgurt<\/a> | <a href=\"https:\/\/dsg1988.de\/?page_id=57\" data-type=\"page\" data-id=\"57\">FAQ-Judo<\/a> | <a href=\"https:\/\/dsg1988.de\/?page_id=95\" data-type=\"page\" data-id=\"95\">Erfolge und Historie<\/a> | <a href=\"https:\/\/dsg1988.de\/?cat=5\">Latest New<\/a><\/strong><a href=\"https:\/\/dsg1988.de\/?cat=5\">s<\/a><\/p>\n\n\n\n<div class=\"wp-block-media-text is-stacked-on-mobile\" style=\"grid-template-columns:48% auto\"><figure class=\"wp-block-media-text__media\"><img decoding=\"async\" loading=\"lazy\" width=\"1024\" height=\"769\" src=\"https:\/\/dsg1988.de\/wp-content\/uploads\/2023\/10\/P1190083-1024x769-1.jpg\" alt=\"\" class=\"wp-image-67 size-full\" srcset=\"https:\/\/dsg1988.de\/wp-content\/uploads\/2023\/10\/P1190083-1024x769-1.jpg 1024w, https:\/\/dsg1988.de\/wp-content\/uploads\/2023\/10\/P1190083-1024x769-1-300x225.jpg 300w, https:\/\/dsg1988.de\/wp-content\/uploads\/2023\/10\/P1190083-1024x769-1-768x577.jpg 768w\" sizes=\"(max-width: 1024px) 100vw, 1024px\" \/><\/figure><div class=\"wp-block-media-text__content\">\n<p>Der Kampfsport Judo ist f\u00fcr Kinder ab einem Alter von 5 Jahren geeignet. Hier lernen sie auf spielerische Art, ihre Kraft und ihren nat\u00fcrlichen Bewegungsdrang innerhalb sportlicher uns sozialer Regeln auszuleben. Ebenso wird die Halte- und St\u00fctzmuskulatur gest\u00e4rkt und ein Gef\u00fchl f\u00fcr den eigenen K\u00f6rper entsteht, was heutzutage immer wichtiger wird. In allen Trainingsgruppen werden unsere Judoka individuell gef\u00f6rdert und gefordert. Daf\u00fcr stehen der&nbsp; Trainingsgruppe unsere qualifizierten und vom Nordrheinwestf\u00e4lischen Judoverband lizensierten Trainer zur Verf\u00fcgung. Das Verletzungsrisiko ist gering, da zu allererst das richtige Fallen gelernt wird und aufeinander Acht gegeben wird. Jeder kommt mit, alle sind eingeladen, auch zu einem (selbstverst\u00e4ndlich) kostenlosen Probetraining!<\/p>\n<\/div><\/div>\n\n\n\n<p><\/p>\n\n\n\n<p><strong>Unser Konzept<\/strong><\/p>\n\n\n\n<p>Von je her ist der Gruppenzusammenhalt unsere gr\u00f6\u00dfte St\u00e4rke. Wir pflegen ein freundschaftliches und vorurteilsfreies Miteinander und unterst\u00fctzen uns, wann immer m\u00f6glich gegenseitig beim Training. Der Spa\u00df an der Bewegung steht dabei an erster Stelle. Wir helfen unseren Mitgliedern egal welchen Alters beim Erreichen ihrer pers\u00f6nlichen Ziele, sei es ein neuer Gurt, oder die Teilnahme an einem Wettkampf. Unser Verein steht f\u00fcr ein soziales Miteinander in Respekt und st\u00fctzt jedes Mitglied in seiner Pers\u00f6nlichkeit.<\/p>\n\n\n\n<hr class=\"wp-block-separator has-alpha-channel-opacity\"\/>\n\n\n\n<p><strong>Trainingszeiten<\/strong><\/p>\n\n\n\n<p>Treffpunkt ist immer eine Viertelstunde vor Trainingsstart zum Aufbau<\/p>\n\n\n\n<p><em><strong>Halle des CJD Dortmund an der Kleybredde 29, 44149 Dortmund (Kley<\/strong>):<\/em><\/p>\n\n\n\n<figure class=\"wp-block-table\"><table><tbody><tr><td><em>Tag \/ Gruppe<\/em><\/td><td><strong>Kinder U9<\/strong><\/td><td><strong>Kinder U13<\/strong><\/td><td><strong>U15, U18 und Erw.<\/strong><\/td><\/tr><tr><td><strong>Mittwoch<\/strong><\/td><td>17.00-18.00<\/td><td>18.00-19.00<\/td><td>19.00-20.30<\/td><\/tr><tr><td><strong>Samstag<\/strong><\/td><td>11.00-12.00<\/td><td>12.00-13.30<\/td><td>12.00-13.30<\/td><\/tr><\/tbody><\/table><figcaption class=\"wp-element-caption\">Probetraining jederzeit!<\/figcaption><\/figure>\n\n\n\n<p><em><strong>Halle der Westhausen-Grundschule, Wenemarstra\u00dfe 11, 44357 Dortmund-Bodelschwingh (Kooperation mit 1. JG Dortmund)<\/strong><\/em>:<\/p>\n\n\n\n<figure class=\"wp-block-table\"><table><tbody><tr><td><em>Tag \/ Gruppe<\/em><\/td><td><strong>Kinder U9<\/strong><\/td><td><strong>Kinder U13<\/strong> <strong>und Jugend<\/strong><\/td><\/tr><tr><td><strong>Samstag<\/strong><\/td><td>11:00-12:00<\/td><td>12:00-13:30<\/td><\/tr><\/tbody><\/table><figcaption class=\"wp-element-caption\">Probetraining jederzeit!<\/figcaption><\/figure>\n\n\n\n<p><strong><em>Wilhelm-Busch-Realschule, H\u00f6fkerstr. 7, 44149 Dortmund (Wischlingen)<\/em><\/strong><em>:<\/em><\/p>\n\n\n\n<figure class=\"wp-block-table\"><table><tbody><tr><td><strong>Freitag<\/strong><\/td><td><\/td><\/tr><tr><td>Leistungsgruppe Wettkampf<\/td><td>19:00 &#8211; 20:30<\/td><\/tr><tr><td>BackToBlack Dan-Training<\/td><td>20:30 &#8211; 22:00<\/td><\/tr><\/tbody><\/table><figcaption class=\"wp-element-caption\">Zum Probetraining bitten wir um vorherige R\u00fccksprache.<\/figcaption><\/figure>\n\n\n\n<hr class=\"wp-block-separator has-alpha-channel-opacity\"\/>\n\n\n\n<p><em>Vereinsbeitrag: 13 Euro monatl. zu entrichten halbj., zus\u00e4tzlich einmal j\u00e4hrl. 22 Euro Jahressichtmarke (Verbandsbeitrag inkl. Versicherung)<\/em><\/p>\n\n\n\n<hr class=\"wp-block-separator has-alpha-channel-opacity\"\/>\n\n\n\n<p><strong>Gruppen:<\/strong><\/p>\n\n\n\n<p><em>Judoanf\u00e4nger<\/em><br><strong>Kinder ab 5 Jahren (U9)<\/strong><\/p>\n\n\n\n<div class=\"wp-block-media-text has-media-on-the-right is-stacked-on-mobile\"><div class=\"wp-block-media-text__content\">\n<p>Die meisten Anf\u00e4nger im Judosport sind etwa 5-6 Jahre alt. In diesem jungen Alter ist besonders die Ausbildung der motorischen F\u00e4higkeiten wichtig. Im Rahmen unseres Judotrainings werden die Kinder individuell und spielerisch an die Hauptaspekte des Sportes herangef\u00fchrt. Dies geschieht sowohl durch leichte turnerische \u00dcbungen, wie sie auch in Grundschulen unterrichtet werden, als auch durch zahlreiche judospezifische Spiele. Wir befolgen dabei neben unserer eigenen Konzeption auch die Ratschl\u00e4ge des Deutschen Judobundes nach der Devise \u201cJudo spielend lernen\u201d. Ein Ziel dieser Trainingsgruppe ist die stolze Erarbeitung eines ersten farbigen G\u00fcrtels!<\/p>\n<\/div><figure class=\"wp-block-media-text__media\"><img decoding=\"async\" loading=\"lazy\" width=\"1024\" height=\"769\" src=\"https:\/\/dsg1988.de\/wp-content\/uploads\/2023\/10\/Kleiner-1024x769.jpg\" alt=\"\" class=\"wp-image-82 size-full\" srcset=\"https:\/\/dsg1988.de\/wp-content\/uploads\/2023\/10\/Kleiner-1024x769.jpg 1024w, https:\/\/dsg1988.de\/wp-content\/uploads\/2023\/10\/Kleiner-300x225.jpg 300w, https:\/\/dsg1988.de\/wp-content\/uploads\/2023\/10\/Kleiner-768x577.jpg 768w, https:\/\/dsg1988.de\/wp-content\/uploads\/2023\/10\/Kleiner-1536x1153.jpg 1536w, https:\/\/dsg1988.de\/wp-content\/uploads\/2023\/10\/Kleiner-2048x1538.jpg 2048w\" sizes=\"(max-width: 1024px) 100vw, 1024px\" \/><\/figure><\/div>\n\n\n\n<p><em>Anf\u00e4nger und Fortgeschrittene<\/em><br><strong>Judo f\u00fcr Kinder (U12-U15)<\/strong><\/p>\n\n\n\n<div class=\"wp-block-media-text has-media-on-the-right is-stacked-on-mobile\"><div class=\"wp-block-media-text__content\">\n<p>In dieser Trainingsgruppe sind neben Anf\u00e4ngern auch viele fortgeschrittene Judoka. Das besondere an dieser Gruppe ist das altersgruppen\u00fcbergreifende Training. Unsere Erfahrung hat gezeigt, dass die Hilfsbereitschaft zwischen Kindern mit einer Vielfalt an G\u00fcrtelgraden besonders im Pr\u00fcfungstraining sehr gro\u00df ist. In der Sportgemeinschaft finden im Jahr bis zu drei G\u00fcrtelpr\u00fcfungen statt, welche aufgrund der guten Vorbereitung sehr erfolgreich sind. Neben dem Erreichen des n\u00e4chsten Sch\u00fclergrades spielt auch das Wettkampftraining eine gro\u00dfe Rolle. In der Vergangenheit konnten bereits viele Titel gewonnen werden. Au\u00dferhalb des Trainings bieten wir zudem Aktivit\u00e4ten, wie die Hallennacht, interne Turniere, Zoobesuche u.v.m.<\/p>\n<\/div><figure class=\"wp-block-media-text__media\"><img decoding=\"async\" loading=\"lazy\" width=\"924\" height=\"694\" src=\"https:\/\/dsg1988.de\/wp-content\/uploads\/2023\/10\/P1060712-1024x769-1.jpg\" alt=\"\" class=\"wp-image-71 size-full\" srcset=\"https:\/\/dsg1988.de\/wp-content\/uploads\/2023\/10\/P1060712-1024x769-1.jpg 924w, https:\/\/dsg1988.de\/wp-content\/uploads\/2023\/10\/P1060712-1024x769-1-300x225.jpg 300w, https:\/\/dsg1988.de\/wp-content\/uploads\/2023\/10\/P1060712-1024x769-1-768x577.jpg 768w\" sizes=\"(max-width: 924px) 100vw, 924px\" \/><\/figure><\/div>\n\n\n\n<p><\/p>\n\n\n\n<p><strong>Judo f\u00fcr Jugendliche und Erwachsene (U18+)<\/strong><\/p>\n\n\n\n<div class=\"wp-block-media-text has-media-on-the-right is-stacked-on-mobile\"><div class=\"wp-block-media-text__content\">\n<p>Das Training der Jugendlichen ab 15 Jahren findet zusammen mit den Erwachsenen statt. Neben der allgemeinen Fitness steht hier der Wettkampf im Vordergrund. Nat\u00fcrlich k\u00f6nnen auch hier G\u00fcrtelpr\u00fcfungen abgelegt werden. Der Spa\u00df kommt durch das gro\u00dfartige Gemeinschaftsgef\u00fchl nie zu kurz: Komm doch einfach mal vorbei und erlebe zwischen professionellen Trainern und witzigen Leuten den allt\u00e4glichen Wahnsinn auf der Judomatte! Durch abwechslungsreiches Training sind sowohl Leistungs-, als auch Breitensportler willkommene G\u00e4ste. Dar\u00fcberhinaus pflegen wir auch Kooperationen mit anderen Vereinen. Neben dem Training bieten wir \u00fcber das Jahr verteilt auch Aktivit\u00e4en, wie Ausfl\u00fcge, Paint-Ball, Grillabende und LAN-Parties an.<\/p>\n<\/div><figure class=\"wp-block-media-text__media\"><img decoding=\"async\" loading=\"lazy\" width=\"843\" height=\"632\" src=\"https:\/\/dsg1988.de\/wp-content\/uploads\/2023\/10\/P1100128-1024x769-1.jpg\" alt=\"\" class=\"wp-image-77 size-full\" srcset=\"https:\/\/dsg1988.de\/wp-content\/uploads\/2023\/10\/P1100128-1024x769-1.jpg 843w, https:\/\/dsg1988.de\/wp-content\/uploads\/2023\/10\/P1100128-1024x769-1-300x225.jpg 300w, https:\/\/dsg1988.de\/wp-content\/uploads\/2023\/10\/P1100128-1024x769-1-768x576.jpg 768w\" sizes=\"(max-width: 843px) 100vw, 843px\" \/><\/figure><\/div>\n\n\n\n<hr class=\"wp-block-separator has-alpha-channel-opacity\"\/>\n\n\n\n<figure class=\"wp-block-image size-large is-resized\"><img decoding=\"async\" loading=\"lazy\" src=\"https:\/\/dsg1988.de\/wp-content\/uploads\/2023\/10\/P1180379-1-1024x769.jpg\" alt=\"\" class=\"wp-image-79\" style=\"width:930px;height:698px\" width=\"930\" height=\"698\" srcset=\"https:\/\/dsg1988.de\/wp-content\/uploads\/2023\/10\/P1180379-1-1024x769.jpg 1024w, https:\/\/dsg1988.de\/wp-content\/uploads\/2023\/10\/P1180379-1-300x225.jpg 300w, https:\/\/dsg1988.de\/wp-content\/uploads\/2023\/10\/P1180379-1-768x577.jpg 768w, https:\/\/dsg1988.de\/wp-content\/uploads\/2023\/10\/P1180379-1-1536x1153.jpg 1536w, https:\/\/dsg1988.de\/wp-content\/uploads\/2023\/10\/P1180379-1-2048x1538.jpg 2048w\" sizes=\"(max-width: 930px) 100vw, 930px\" \/><\/figure>\n\n\n\n<p>Videos by <a href=\"http:\/\/www.judo-im-pott.de\">judo-im-pott.de<\/a><\/p>\n","protected":false},"excerpt":{"rendered":"<p>Judo-Trainer | Probetraining | Asthma-Judo | Back to Black &#8211; Endllich Schwarzgurt | FAQ-Judo | Erfolge und Historie | Latest News Der Kampfsport Judo ist f\u00fcr Kinder ab [&hellip;]<\/p>\n","protected":false},"author":1,"featured_media":0,"parent":0,"menu_order":0,"comment_status":"closed","ping_status":"closed","template":"","meta":{"om_disable_all_campaigns":false,"_monsterinsights_skip_tracking":false,"_monsterinsights_sitenote_active":false,"_monsterinsights_sitenote_note":"","_monsterinsights_sitenote_category":0,"footnotes":""},"aioseo_notices":[],"_links":{"self":[{"href":"https:\/\/dsg1988.de\/index.php?rest_route=\/wp\/v2\/pages\/32"}],"collection":[{"href":"https:\/\/dsg1988.de\/index.php?rest_route=\/wp\/v2\/pages"}],"about":[{"href":"https:\/\/dsg1988.de\/index.php?rest_route=\/wp\/v2\/types\/page"}],"author":[{"embeddable":true,"href":"https:\/\/dsg1988.de\/index.php?rest_route=\/wp\/v2\/users\/1"}],"replies":[{"embeddable":true,"href":"https:\/\/dsg1988.de\/index.php?rest_route=%2Fwp%2Fv2%2Fcomments&post=32"}],"version-history":[{"count":20,"href":"https:\/\/dsg1988.de\/index.php?rest_route=\/wp\/v2\/pages\/32\/revisions"}],"predecessor-version":[{"id":761,"href":"https:\/\/dsg1988.de\/index.php?rest_route=\/wp\/v2\/pages\/32\/revisions\/761"}],"wp:attachment":[{"href":"https:\/\/dsg1988.de\/index.php?rest_route=%2Fwp%2Fv2%2Fmedia&parent=32"}],"curies":[{"name":"wp","href":"https:\/\/api.w.org\/{rel}","templated":true}]}}