{"id":286,"date":"2023-12-27T09:40:49","date_gmt":"2023-12-27T09:40:49","guid":{"rendered":"https:\/\/dsg1988.de\/?page_id=286"},"modified":"2024-07-08T13:33:58","modified_gmt":"2024-07-08T13:33:58","slug":"kinderschutz-2","status":"publish","type":"page","link":"https:\/\/dsg1988.de\/?page_id=286","title":{"rendered":"Kinderschutz"},"content":{"rendered":"\n<p>Die Dortmunder Sportgemeinschaft 1988 hat zwei zertifizierte Kinderschutzbeauftragte. In den letzten Jahren wurden in Deutschland immer mehr F\u00e4lle von sexueller Gewalt gegen Kinder, auch in Sportvereinen, \u00f6ffentlich. Als Verein, der sich dem Wohl der Mitglieder verschrieben hat, wollen wir unsere jungen Mitglieder (aber auch die Erwachsenen!) proaktiv sch\u00fctzen, noch bevor es \u00fcberhaupt zu \u00dcbergriffen kommen kann. Aufgabe der Beiden ist die Vorbeugung und Intervention von Gewalt und Missbrauch in unserem Verein. Sie dienen als Ansprechpartner bei Fragen rund um den Kinderschutz sowie sexualisierte Gewalt und k\u00f6nnen bei jeglichen Problemen im Verein, sei es mit \u00dcbungsleitern oder Mitgliedern, kontaktiert werden. Dabei haben wir explizit darauf geachtet, eine weibliche und eine m\u00e4nnliche Ansprechperson anzubieten, um vertrauensvolle Gespr\u00e4che zu erm\u00f6glichen. Sie stehen au\u00dferdem bei Fragen mit Rat und Infomaterial zur Verf\u00fcgung. <\/p>\n\n\n\n<p>Nicole Gaa<br>(kinderschuetzerin@dsg1988.de)<\/p>\n\n\n\n<p>Bado Moschner<br>(kinderschuetzer@dsg1988.de)<\/p>\n\n\n\n<p><em>Zertifiziert durch:<\/em><\/p>\n\n\n\n<p>Bundesverband Gewaltpr\u00e4vention e.V.<\/p>\n\n\n\n<p><\/p>\n\n\n\n<hr class=\"wp-block-separator has-alpha-channel-opacity\"\/>\n\n\n\n<p><strong>Notfallnummern<\/strong><\/p>\n\n\n\n<p>Manchmal, wenn du Kummer hast, m\u00f6chtest Du lieber unerkannt bleiben. Bei diesen Telefonnummern wird dir geholfen:<\/p>\n\n\n\n<p>Nummer gegen Kummer: 116 111<\/p>\n\n\n\n<p>Gewalt gegen Frauen: 0800 011 6016<\/p>\n\n\n\n<p>Deutsche Depressionshilfe: 0800 3344533<\/p>\n\n\n\n<p>Heimwegtelefon: 030 12074182<\/p>\n\n\n\n<hr class=\"wp-block-separator has-alpha-channel-opacity\"\/>\n\n\n\n<p><strong>Fortbildungen f\u00fcr Trainer<\/strong><\/p>\n\n\n\n<p>Die Dortmunder Sportgemeinschaft 1988 tr\u00e4gt durch die Fortbildung iher \u00dcbungsleiter und Trainer zur Sensibilisierung bei. Wir sind bestrebt, alle unsere \u00dcbungsleiter schnellstm\u00f6glich \u00fcber die dem Deutschen Olympischen Sportbund angeschlossenen Aus- und Fortbildungen extern durch Profis schulen zu lassen. <\/p>\n\n\n\n<hr class=\"wp-block-separator has-alpha-channel-opacity\"\/>\n\n\n\n<p><strong>Fortbildungen f\u00fcr Kinder und Jugendliche<\/strong>&nbsp;<\/p>\n\n\n\n<p>Wir bieten \u00fcber die Judoabteilung einmal j\u00e4hrlich eine Fortbildung zu Selbstverteidigung und Selbstbehauptung an. <\/p>\n\n\n\n<hr class=\"wp-block-separator has-alpha-channel-opacity\"\/>\n\n\n\n<div class=\"wp-block-file\"><object class=\"wp-block-file__embed\" data=\"https:\/\/dsg1988.de\/wp-content\/uploads\/2024\/07\/Kinder-und-Jugendschutzkonzept-DSG1988.pdf\" type=\"application\/pdf\" style=\"width:100%;height:600px\" aria-label=\"Einbettung von Kinder- und Jugendschutzkonzept DSG1988.\"><\/object><a id=\"wp-block-file--media-0ec2901b-468f-406f-8388-b9dfbb42adc1\" href=\"https:\/\/dsg1988.de\/wp-content\/uploads\/2024\/07\/Kinder-und-Jugendschutzkonzept-DSG1988.pdf\">Kinder- und Jugendschutzkonzept DSG1988<\/a><a href=\"https:\/\/dsg1988.de\/wp-content\/uploads\/2024\/07\/Kinder-und-Jugendschutzkonzept-DSG1988.pdf\" class=\"wp-block-file__button wp-element-button\" download aria-describedby=\"wp-block-file--media-0ec2901b-468f-406f-8388-b9dfbb42adc1\">Herunterladen<\/a><\/div>\n\n\n\n<p><a href=\"https:\/\/dsg1988.de\/wp-content\/uploads\/2023\/12\/EHRENKODEX_des_Landessportbundes_NRW.pdf\">Ehrenkodex des Landessportbundes <\/a><\/p>\n\n\n\n<p><a href=\"https:\/\/dsg1988.de\/wp-content\/uploads\/2023\/12\/original_Ehrenkodex_neu_2023.pdf\">Ehrenkodex des Deutschen Judo-Bundes <\/a><\/p>\n\n\n\n<p><a href=\"https:\/\/dsg1988.de\/wp-content\/uploads\/2023\/12\/Folder_Qualitaetsbuendnis_im_Sport.pdf\">Qualit\u00e4tsb\u00fcndnis im Sport (NRW) &#8211; Brosch\u00fcre <\/a><\/p>\n","protected":false},"excerpt":{"rendered":"<p>Die Dortmunder Sportgemeinschaft 1988 hat zwei zertifizierte Kinderschutzbeauftragte. In den letzten Jahren wurden in Deutschland immer mehr F\u00e4lle von sexueller Gewalt gegen Kinder, auch in Sportvereinen, \u00f6ffentlich. Als [&hellip;]<\/p>\n","protected":false},"author":1,"featured_media":0,"parent":0,"menu_order":0,"comment_status":"closed","ping_status":"closed","template":"","meta":{"om_disable_all_campaigns":false,"_monsterinsights_skip_tracking":false,"_monsterinsights_sitenote_active":false,"_monsterinsights_sitenote_note":"","_monsterinsights_sitenote_category":0,"footnotes":""},"aioseo_notices":[],"_links":{"self":[{"href":"https:\/\/dsg1988.de\/index.php?rest_route=\/wp\/v2\/pages\/286"}],"collection":[{"href":"https:\/\/dsg1988.de\/index.php?rest_route=\/wp\/v2\/pages"}],"about":[{"href":"https:\/\/dsg1988.de\/index.php?rest_route=\/wp\/v2\/types\/page"}],"author":[{"embeddable":true,"href":"https:\/\/dsg1988.de\/index.php?rest_route=\/wp\/v2\/users\/1"}],"replies":[{"embeddable":true,"href":"https:\/\/dsg1988.de\/index.php?rest_route=%2Fwp%2Fv2%2Fcomments&post=286"}],"version-history":[{"count":11,"href":"https:\/\/dsg1988.de\/index.php?rest_route=\/wp\/v2\/pages\/286\/revisions"}],"predecessor-version":[{"id":525,"href":"https:\/\/dsg1988.de\/index.php?rest_route=\/wp\/v2\/pages\/286\/revisions\/525"}],"wp:attachment":[{"href":"https:\/\/dsg1988.de\/index.php?rest_route=%2Fwp%2Fv2%2Fmedia&parent=286"}],"curies":[{"name":"wp","href":"https:\/\/api.w.org\/{rel}","templated":true}]}}