{"id":25,"date":"2023-10-03T12:53:01","date_gmt":"2023-10-03T12:53:01","guid":{"rendered":"https:\/\/dsg1988.de\/?page_id=25"},"modified":"2025-05-22T14:20:16","modified_gmt":"2025-05-22T14:20:16","slug":"impressum","status":"publish","type":"page","link":"https:\/\/dsg1988.de\/?page_id=25","title":{"rendered":"Impressum"},"content":{"rendered":"\n<h1 class=\"wp-block-heading\">Impressum<\/h1>\n\n\n\n<h4 class=\"wp-block-heading\"><strong>Impressum<\/strong><\/h4>\n\n\n\n<p>Dieses Impressum gilt auch f\u00fcr unsere Pr\u00e4senzen auf Facebook, Instagram, YouTube und Twitter.<\/p>\n\n\n\n<h5 class=\"wp-block-heading\">Angaben gem\u00e4\u00df \u00a7 5 TMG:<\/h5>\n\n\n\n<p>Dortmunder Sportgemeinschaft 1988 e.V.<\/p>\n\n\n\n<p><strong>Postanschrift:<\/strong><br>Dortmunder Sportgemeinschaft 1988 e.V.<br>Kleybredde 23<br>44149 Dortmund<br>c\/o CJD Dortmund Sportstudio<\/p>\n\n\n\n<p><strong>Kontakt:<\/strong><\/p>\n\n\n\n<p>Allgemeines: kontakt@dsg1988.de<br>Telefon: 01520-9215492<br>E-Mail: vorstand@dsg1988.de<\/p>\n\n\n\n<p><strong>Vertreten durch:<\/strong><\/p>\n\n\n\n<p><em>1. Vorsitzender: <\/em>Frederic van Dyk<br><em>2. Vorsitzender:<\/em> Josip Brkic<\/p>\n\n\n\n<p>Eingetragen am Amtsgericht Dortmund (5002575)<\/p>\n\n\n\n<p><strong>Kinderschutz-Beautragte<\/strong><\/p>\n\n\n\n<p>Nicole Gaa<br>(kinderschuetzerin@dsg1988.de)<\/p>\n\n\n\n<p>Bado Moschner<br>(kinderschuetzer@dsg1988.de)<\/p>\n\n\n\n<p><strong>Hinweise zur Website<\/strong><\/p>\n\n\n\n<p>Verantwortlich f\u00fcr journalistisch-redaktionelle Inhalte ist:<\/p>\n\n\n\n<p>Frederic van Dyk<br>Dortmunder Sportgemeinschaft 1988 e.V.<br>Kleybredde 23<br>44149 Dortmund<br>c\/o CJD Dortmund Sportstudio<\/p>\n\n\n\n<p>kontakt@dsg1988.de<br>01520-9215492<br>Information gem\u00e4\u00df \u00a7 36 VSBG<\/p>\n\n\n\n<p>Das Impressum wurde mit dem Impressums-Generator der activeMind AG erstellt.<\/p>\n","protected":false},"excerpt":{"rendered":"<p>Impressum Impressum Dieses Impressum gilt auch f\u00fcr unsere Pr\u00e4senzen auf Facebook, Instagram, YouTube und Twitter. Angaben gem\u00e4\u00df \u00a7 5 TMG: Dortmunder Sportgemeinschaft 1988 e.V. Postanschrift:Dortmunder Sportgemeinschaft 1988 e.V.Kleybredde [&hellip;]<\/p>\n","protected":false},"author":1,"featured_media":0,"parent":0,"menu_order":0,"comment_status":"closed","ping_status":"closed","template":"","meta":{"om_disable_all_campaigns":false,"_monsterinsights_skip_tracking":false,"_monsterinsights_sitenote_active":false,"_monsterinsights_sitenote_note":"","_monsterinsights_sitenote_category":0,"footnotes":""},"aioseo_notices":[],"_links":{"self":[{"href":"https:\/\/dsg1988.de\/index.php?rest_route=\/wp\/v2\/pages\/25"}],"collection":[{"href":"https:\/\/dsg1988.de\/index.php?rest_route=\/wp\/v2\/pages"}],"about":[{"href":"https:\/\/dsg1988.de\/index.php?rest_route=\/wp\/v2\/types\/page"}],"author":[{"embeddable":true,"href":"https:\/\/dsg1988.de\/index.php?rest_route=\/wp\/v2\/users\/1"}],"replies":[{"embeddable":true,"href":"https:\/\/dsg1988.de\/index.php?rest_route=%2Fwp%2Fv2%2Fcomments&post=25"}],"version-history":[{"count":5,"href":"https:\/\/dsg1988.de\/index.php?rest_route=\/wp\/v2\/pages\/25\/revisions"}],"predecessor-version":[{"id":659,"href":"https:\/\/dsg1988.de\/index.php?rest_route=\/wp\/v2\/pages\/25\/revisions\/659"}],"wp:attachment":[{"href":"https:\/\/dsg1988.de\/index.php?rest_route=%2Fwp%2Fv2%2Fmedia&parent=25"}],"curies":[{"name":"wp","href":"https:\/\/api.w.org\/{rel}","templated":true}]}}