{"id":230,"date":"2023-10-06T18:54:51","date_gmt":"2023-10-06T18:54:51","guid":{"rendered":"https:\/\/dsg1988.de\/?page_id=230"},"modified":"2025-06-05T16:10:05","modified_gmt":"2025-06-05T16:10:05","slug":"mitglied-werden","status":"publish","type":"page","link":"https:\/\/dsg1988.de\/?page_id=230","title":{"rendered":"Mitglied werden&#8230;"},"content":{"rendered":"\n<p class=\"has-white-color has-pale-cyan-blue-background-color has-text-color has-background\"><strong><a href=\"https:\/\/dsg1988.de\/?page_id=233\" data-type=\"page\" data-id=\"233\">Buche Chorcolores<\/a> | <a href=\"https:\/\/dsg1988.de\/?page_id=230\" data-type=\"page\" data-id=\"230\">Werde Mitglied! <\/a>| <a href=\"https:\/\/dsg1988.de\/?page_id=225\" data-type=\"page\" data-id=\"225\">Historie von Chorcolores<\/a><\/strong><\/p>\n\n\n\n<p><strong>Mitglied werden<\/strong><\/p>\n\n\n\n<p>Obwohl unser Chor mit ca. 40 S\u00e4ngerinnen und S\u00e4ngern personell gut ausgestattet ist, halten wir trotzdem st\u00e4ndig Ausschau nach guten kr\u00e4ftigen Stimmen.<br>Wie in fast jedem gemischten Chor sind auch bei uns die M\u00e4nnerstimmen etwas unterrepr\u00e4sentiert. Insbesondere der Tenor k\u00f6nnte daher gern etwas Verst\u00e4rkung gebrauchen.<br>Die F\u00e4higkeit, vom Notenblatt singen zu k\u00f6nnen, kann dabei sicher n\u00fctzlich sein, ist aber keineswegs erforderlich. Ein musikalisches Geh\u00f6r und regelm\u00e4\u00dfiger Probenbesuch werden allerdings erwartet.<\/p>\n\n\n\n<p>Wir proben jeweils <strong>montags<\/strong> von <strong>20:00 bis 22:00Uhr<\/strong> im<br><strong>evangelischen Gemeindezentrum in Oespel<\/strong>.<br><\/p>\n\n\n\n<p>Dar\u00fcber hinaus ist es uns viel wert, Gemeinsamkeiten zu pflegen, denn sie f\u00f6rdern die so wichtige Bindung und das soziale und emotionale Gef\u00fcge. So lassen wir im Anschluss an die Probe bei Snacks und einem Gl\u00e4schen Fl\u00fcssigkeit den Abend ausklingen.<br><br>Wenn du also Freude am gemeinschaftlichen Singen hast &#8211; und das ist hier die Hauptsache &#8211; lass von dir h\u00f6ren (im doppelten Sinn).<\/p>\n\n\n\n<p><strong>Kontakt<\/strong><\/p>\n\n\n\n<p>Annette Linke \/ Katrin Miene\u00a0<br>E-Mail: kontakt@dsg1988.de<\/p>\n\n\n\n<p><\/p>\n\n\n\n<figure class=\"wp-block-image size-large\"><img decoding=\"async\" loading=\"lazy\" width=\"1024\" height=\"683\" src=\"https:\/\/dsg1988.de\/wp-content\/uploads\/2025\/06\/Chorcolores-Motiv-3_03-1024x683.jpg\" alt=\"\" class=\"wp-image-688\" srcset=\"https:\/\/dsg1988.de\/wp-content\/uploads\/2025\/06\/Chorcolores-Motiv-3_03-1024x683.jpg 1024w, https:\/\/dsg1988.de\/wp-content\/uploads\/2025\/06\/Chorcolores-Motiv-3_03-300x200.jpg 300w, https:\/\/dsg1988.de\/wp-content\/uploads\/2025\/06\/Chorcolores-Motiv-3_03-768x512.jpg 768w, https:\/\/dsg1988.de\/wp-content\/uploads\/2025\/06\/Chorcolores-Motiv-3_03-1536x1024.jpg 1536w, https:\/\/dsg1988.de\/wp-content\/uploads\/2025\/06\/Chorcolores-Motiv-3_03-2048x1365.jpg 2048w\" sizes=\"(max-width: 1024px) 100vw, 1024px\" \/><\/figure>\n","protected":false},"excerpt":{"rendered":"<p>Buche Chorcolores | Werde Mitglied! | Historie von Chorcolores Mitglied werden Obwohl unser Chor mit ca. 40 S\u00e4ngerinnen und S\u00e4ngern personell gut ausgestattet ist, halten wir trotzdem st\u00e4ndig [&hellip;]<\/p>\n","protected":false},"author":1,"featured_media":0,"parent":0,"menu_order":0,"comment_status":"closed","ping_status":"closed","template":"","meta":{"om_disable_all_campaigns":false,"_monsterinsights_skip_tracking":false,"_monsterinsights_sitenote_active":false,"_monsterinsights_sitenote_note":"","_monsterinsights_sitenote_category":0,"footnotes":""},"aioseo_notices":[],"_links":{"self":[{"href":"https:\/\/dsg1988.de\/index.php?rest_route=\/wp\/v2\/pages\/230"}],"collection":[{"href":"https:\/\/dsg1988.de\/index.php?rest_route=\/wp\/v2\/pages"}],"about":[{"href":"https:\/\/dsg1988.de\/index.php?rest_route=\/wp\/v2\/types\/page"}],"author":[{"embeddable":true,"href":"https:\/\/dsg1988.de\/index.php?rest_route=\/wp\/v2\/users\/1"}],"replies":[{"embeddable":true,"href":"https:\/\/dsg1988.de\/index.php?rest_route=%2Fwp%2Fv2%2Fcomments&post=230"}],"version-history":[{"count":6,"href":"https:\/\/dsg1988.de\/index.php?rest_route=\/wp\/v2\/pages\/230\/revisions"}],"predecessor-version":[{"id":693,"href":"https:\/\/dsg1988.de\/index.php?rest_route=\/wp\/v2\/pages\/230\/revisions\/693"}],"wp:attachment":[{"href":"https:\/\/dsg1988.de\/index.php?rest_route=%2Fwp%2Fv2%2Fmedia&parent=230"}],"curies":[{"name":"wp","href":"https:\/\/api.w.org\/{rel}","templated":true}]}}