{"id":201,"date":"2023-10-06T18:00:25","date_gmt":"2023-10-06T18:00:25","guid":{"rendered":"https:\/\/dsg1988.de\/?page_id=201"},"modified":"2025-06-05T16:22:06","modified_gmt":"2025-06-05T16:22:06","slug":"chorcolores","status":"publish","type":"page","link":"https:\/\/dsg1988.de\/?page_id=201","title":{"rendered":"Chorcolores"},"content":{"rendered":"\n<p class=\"has-white-color has-pale-cyan-blue-background-color has-text-color has-background\"><strong><a href=\"https:\/\/dsg1988.de\/?page_id=233\" data-type=\"page\" data-id=\"233\">Buche Chorcolores<\/a> | <a href=\"https:\/\/dsg1988.de\/?page_id=230\" data-type=\"page\" data-id=\"230\">Werde Mitglied! <\/a>| <a href=\"https:\/\/dsg1988.de\/?page_id=225\" data-type=\"page\" data-id=\"225\">Historie von Chorcolores<\/a><\/strong><\/p>\n\n\n\n<p><\/p>\n\n\n\n<figure class=\"wp-block-gallery has-nested-images columns-default is-cropped wp-block-gallery-1 is-layout-flex wp-block-gallery-is-layout-flex\">\n<figure class=\"wp-block-image size-full\"><img decoding=\"async\" loading=\"lazy\" width=\"2560\" height=\"1707\" data-id=\"687\" src=\"https:\/\/dsg1988.de\/wp-content\/uploads\/2025\/06\/Chorcolores-Motiv-2_04-scaled.jpg\" alt=\"\" class=\"wp-image-687\" srcset=\"https:\/\/dsg1988.de\/wp-content\/uploads\/2025\/06\/Chorcolores-Motiv-2_04-scaled.jpg 2560w, https:\/\/dsg1988.de\/wp-content\/uploads\/2025\/06\/Chorcolores-Motiv-2_04-300x200.jpg 300w, https:\/\/dsg1988.de\/wp-content\/uploads\/2025\/06\/Chorcolores-Motiv-2_04-1024x683.jpg 1024w, https:\/\/dsg1988.de\/wp-content\/uploads\/2025\/06\/Chorcolores-Motiv-2_04-768x512.jpg 768w, https:\/\/dsg1988.de\/wp-content\/uploads\/2025\/06\/Chorcolores-Motiv-2_04-1536x1024.jpg 1536w, https:\/\/dsg1988.de\/wp-content\/uploads\/2025\/06\/Chorcolores-Motiv-2_04-2048x1365.jpg 2048w\" sizes=\"(max-width: 2560px) 100vw, 2560px\" \/><\/figure>\n\n\n\n<figure class=\"wp-block-image size-full\"><img decoding=\"async\" loading=\"lazy\" width=\"2560\" height=\"1707\" data-id=\"684\" src=\"https:\/\/dsg1988.de\/wp-content\/uploads\/2025\/06\/Chorcolores-Motiv-4_03-gut1-scaled.jpg\" alt=\"\" class=\"wp-image-684\" srcset=\"https:\/\/dsg1988.de\/wp-content\/uploads\/2025\/06\/Chorcolores-Motiv-4_03-gut1-scaled.jpg 2560w, https:\/\/dsg1988.de\/wp-content\/uploads\/2025\/06\/Chorcolores-Motiv-4_03-gut1-300x200.jpg 300w, https:\/\/dsg1988.de\/wp-content\/uploads\/2025\/06\/Chorcolores-Motiv-4_03-gut1-1024x683.jpg 1024w, https:\/\/dsg1988.de\/wp-content\/uploads\/2025\/06\/Chorcolores-Motiv-4_03-gut1-768x512.jpg 768w, https:\/\/dsg1988.de\/wp-content\/uploads\/2025\/06\/Chorcolores-Motiv-4_03-gut1-1536x1024.jpg 1536w, https:\/\/dsg1988.de\/wp-content\/uploads\/2025\/06\/Chorcolores-Motiv-4_03-gut1-2048x1365.jpg 2048w\" sizes=\"(max-width: 2560px) 100vw, 2560px\" \/><\/figure>\n\n\n\n<figure class=\"wp-block-image size-full\"><img decoding=\"async\" loading=\"lazy\" width=\"2560\" height=\"1707\" data-id=\"686\" src=\"https:\/\/dsg1988.de\/wp-content\/uploads\/2025\/06\/Chorcolores-Motiv-1_04-scaled.jpg\" alt=\"\" class=\"wp-image-686\" srcset=\"https:\/\/dsg1988.de\/wp-content\/uploads\/2025\/06\/Chorcolores-Motiv-1_04-scaled.jpg 2560w, https:\/\/dsg1988.de\/wp-content\/uploads\/2025\/06\/Chorcolores-Motiv-1_04-300x200.jpg 300w, https:\/\/dsg1988.de\/wp-content\/uploads\/2025\/06\/Chorcolores-Motiv-1_04-1024x683.jpg 1024w, https:\/\/dsg1988.de\/wp-content\/uploads\/2025\/06\/Chorcolores-Motiv-1_04-768x512.jpg 768w, https:\/\/dsg1988.de\/wp-content\/uploads\/2025\/06\/Chorcolores-Motiv-1_04-1536x1024.jpg 1536w, https:\/\/dsg1988.de\/wp-content\/uploads\/2025\/06\/Chorcolores-Motiv-1_04-2048x1365.jpg 2048w\" sizes=\"(max-width: 2560px) 100vw, 2560px\" \/><\/figure>\n<\/figure>\n\n\n\n<p><\/p>\n\n\n\n<p><strong>Chorcolores<\/strong> ist der unver\u00e4ndert frische Chor unter dem Dach der Dortmunder Sportgemeinschaft 1988. <\/p>\n\n\n\n<p>Die ca. 40 S\u00e4ngerinnen und S\u00e4nger bereichern mit ihrer breiten von Singfreude getragenen Palette von Pop-, Swing-, Soul- und Folkloreliedern die Dortmunder Kulturlandschaft.<br>Im Jahr 2016 feierte der Chor sein 30-j\u00e4hriges Bestehen. W\u00e4hrend dieser Zeit hat er sich mittlerweile zu einem festen Bestandteil der Chorszene von Dortmund entwickelt. Der Chor tritt stets a-capella auf. Das erfordert besondere Aufmerksamkeit und Disziplin, da kein begleitendes Instrument die Stimmf\u00fchrung \u00fcbernimmt.<\/p>\n\n\n\n<p>Konzerte und Auftritte finden vor allem im Dortmunder Westen, aber auch in anderen St\u00e4dten und sogar mehrfach international statt. Dabei hat sich gezeigt, dass Chorcolores mit seinem anspruchsvollen und mitrei\u00dfenden Repertoire vokaler Popmusik immer ein Zuschauermagnet ist.<\/p>\n\n\n\n<p>Vor allem aber ist es der Spa\u00df am Singen in der Gemeinschaft, der die Chormitglieder motiviert.<br>Falls Du auch Lust versp\u00fcrst, deinen Gesang aus der Enge des Badezimmers zu befreien und mit uns Gleichgesinnten zu teilen, schau doch mal vorbei. Wir proben Montags um 20:00 im evangelischen Gemeindezentrum in Dortmund-Oespel!<\/p>\n\n\n\n<p><\/p>\n\n\n\n<div style=\"height:25px\" aria-hidden=\"true\" class=\"wp-block-spacer\"><\/div>\n\n\n\n<hr class=\"wp-block-separator has-alpha-channel-opacity\"\/>\n\n\n\n<p><strong>Chorleitung<\/strong><\/p>\n\n\n\n<div class=\"wp-block-media-text is-stacked-on-mobile\"><figure class=\"wp-block-media-text__media\"><img decoding=\"async\" loading=\"lazy\" width=\"1024\" height=\"726\" src=\"https:\/\/dsg1988.de\/wp-content\/uploads\/2025\/06\/Annette-Linke_Portraitfoto-von_Anja_Cord-1024x726.jpg\" alt=\"\" class=\"wp-image-685 size-full\" srcset=\"https:\/\/dsg1988.de\/wp-content\/uploads\/2025\/06\/Annette-Linke_Portraitfoto-von_Anja_Cord-1024x726.jpg 1024w, https:\/\/dsg1988.de\/wp-content\/uploads\/2025\/06\/Annette-Linke_Portraitfoto-von_Anja_Cord-300x213.jpg 300w, https:\/\/dsg1988.de\/wp-content\/uploads\/2025\/06\/Annette-Linke_Portraitfoto-von_Anja_Cord-768x545.jpg 768w, https:\/\/dsg1988.de\/wp-content\/uploads\/2025\/06\/Annette-Linke_Portraitfoto-von_Anja_Cord-1536x1089.jpg 1536w, https:\/\/dsg1988.de\/wp-content\/uploads\/2025\/06\/Annette-Linke_Portraitfoto-von_Anja_Cord-2048x1452.jpg 2048w\" sizes=\"(max-width: 1024px) 100vw, 1024px\" \/><\/figure><div class=\"wp-block-media-text__content\">\n<p>Chorleiterin<strong> Annette Linke<\/strong><br><br>\u00a0 \u00a0 \u00a0 geboren in Hamburg<br>\u00a0 \u00a0 \u00a0 Beruf: Sopranistin \/ Gesangscoach<\/p>\n<\/div><\/div>\n\n\n\n<p><br>&nbsp; &nbsp; &nbsp; <strong>Musikalischer Werdegang<\/strong><\/p>\n\n\n\n<figure class=\"wp-block-table\"><table><tbody><tr><td>Die Hamburger Koloratur-Sopranistin Annette Linke begann nach einigen Semestern Musikwissenschaften und Romanistik an der Universit\u00e4t ihrer Heimatstadt ein Gesangsstudium an der Robert Schumann Hochschule in D\u00fcsseldorf. Nach Abschluss ihres Studiums f\u00fchrte sie ein festes Engagement als Sopranistin mit Soloverpflichtung in den Opernchor der St\u00e4dtischen B\u00fchnen Osnabr\u00fcck. Seit 1999 ist sie selbstst\u00e4ndige S\u00e4ngerin und trat u.a. f\u00fcr Roncallis Format \u201cCircus meets Classic\u201c in der M\u00fcnchner Philharmonie im Gasteig auf, gastierte am Landestheater Detmold und mit der Rolle der \u201eK\u00f6nigin der Nacht\u201c in der \u201eKleinen Zauberfl\u00f6te\u201c f\u00fcr Kinder und Jugendliche an der Oper Dortmund. Im Jahr 2000 gr\u00fcndete sie mit Mezzosopranistin Diane Blais das Ensemble LeDuo, dessen Markenzeichen kom\u00f6diantische Klassikprogramme waren. Mit LeDuo sang sie auf dem Opernball Leipzig, im M\u00fcnchner Prinzregententheater, im Dortmunder Opernhaus, trat im WDR-Fernsehen auf und war Gast der WDR3 Radiosendung TonArt. Sie gastierte mit LeDuo mehrfach in Kanada und war mit dem ehemaligen ZDF-Traumschiff, der MS Deutschland, in vielen L\u00e4ndern der Welt unterwegs. Seit September 2024 leitet sie den gemischten Dortmunder A-cappella-Chor \u201eChorcolores\u201c!<\/td><\/tr><\/tbody><\/table><\/figure>\n\n\n\n<p><strong><a href=\"https:\/\/annette-linke.de\/\">Internetauftritt von Annette Linke<\/a><\/strong><\/p>\n","protected":false},"excerpt":{"rendered":"<p>Buche Chorcolores | Werde Mitglied! | Historie von Chorcolores Chorcolores ist der unver\u00e4ndert frische Chor unter dem Dach der Dortmunder Sportgemeinschaft 1988. Die ca. 40 S\u00e4ngerinnen und S\u00e4nger [&hellip;]<\/p>\n","protected":false},"author":1,"featured_media":0,"parent":0,"menu_order":0,"comment_status":"closed","ping_status":"closed","template":"","meta":{"om_disable_all_campaigns":false,"_monsterinsights_skip_tracking":false,"_monsterinsights_sitenote_active":false,"_monsterinsights_sitenote_note":"","_monsterinsights_sitenote_category":0,"footnotes":""},"aioseo_notices":[],"_links":{"self":[{"href":"https:\/\/dsg1988.de\/index.php?rest_route=\/wp\/v2\/pages\/201"}],"collection":[{"href":"https:\/\/dsg1988.de\/index.php?rest_route=\/wp\/v2\/pages"}],"about":[{"href":"https:\/\/dsg1988.de\/index.php?rest_route=\/wp\/v2\/types\/page"}],"author":[{"embeddable":true,"href":"https:\/\/dsg1988.de\/index.php?rest_route=\/wp\/v2\/users\/1"}],"replies":[{"embeddable":true,"href":"https:\/\/dsg1988.de\/index.php?rest_route=%2Fwp%2Fv2%2Fcomments&post=201"}],"version-history":[{"count":13,"href":"https:\/\/dsg1988.de\/index.php?rest_route=\/wp\/v2\/pages\/201\/revisions"}],"predecessor-version":[{"id":695,"href":"https:\/\/dsg1988.de\/index.php?rest_route=\/wp\/v2\/pages\/201\/revisions\/695"}],"wp:attachment":[{"href":"https:\/\/dsg1988.de\/index.php?rest_route=%2Fwp%2Fv2%2Fmedia&parent=201"}],"curies":[{"name":"wp","href":"https:\/\/api.w.org\/{rel}","templated":true}]}}