{"id":198,"date":"2023-10-06T17:56:33","date_gmt":"2023-10-06T17:56:33","guid":{"rendered":"https:\/\/dsg1988.de\/?page_id=198"},"modified":"2023-12-25T19:27:29","modified_gmt":"2023-12-25T19:27:29","slug":"vereinsanmeldung","status":"publish","type":"page","link":"https:\/\/dsg1988.de\/?page_id=198","title":{"rendered":"Vereinsanmeldung"},"content":{"rendered":"\n<p>Herzlich willkommen bei unserer Vereinsanmeldung! Um Dich erfolgreich bei der Sportgemeinschaft anmelden zu k\u00f6nnen, ben\u00f6tigst du ein Passwort. Dieses bekommst Du von deinen Trainern. <\/p>\n\n\n\n<p>Wenn Du das Passwort bereits hast, klicke auf <a href=\"https:\/\/dsg1988.de\/?page_id=268\" data-type=\"link\" data-id=\"https:\/\/dsg1988.de\/?page_id=268\">weiter<\/a>!<\/p>\n\n\n\n<p><\/p>\n\n\n\n<p><strong>Warum ben\u00f6tige ich ein Passwort?<\/strong><\/p>\n\n\n\n<p>Um uns vor Spam und unerw\u00fcnschten Zugriffen zu sch\u00fctzen, haben wir uns f\u00fcr einen Passwortschutz unserer Onlineanmeldung entschieden. Damit stellen wir sicher, dass wir nur Anmeldungen von Menschen erhalten, die wirklich Interesse haben, bei uns Sport zu machen!<\/p>\n\n\n\n<p><\/p>\n\n\n\n<p><strong>Wie bekomme ich das Passwort?<\/strong><\/p>\n\n\n\n<p>Komm einfach zum Probetraining vorbei! Frage deinen Trainer nach dem Passwort, wenn du dich im Verein anmelden m\u00f6chtest.<\/p>\n","protected":false},"excerpt":{"rendered":"<p>Herzlich willkommen bei unserer Vereinsanmeldung! Um Dich erfolgreich bei der Sportgemeinschaft anmelden zu k\u00f6nnen, ben\u00f6tigst du ein Passwort. Dieses bekommst Du von deinen Trainern. Wenn Du das Passwort [&hellip;]<\/p>\n","protected":false},"author":1,"featured_media":0,"parent":0,"menu_order":0,"comment_status":"closed","ping_status":"closed","template":"","meta":{"om_disable_all_campaigns":false,"_monsterinsights_skip_tracking":false,"_monsterinsights_sitenote_active":false,"_monsterinsights_sitenote_note":"","_monsterinsights_sitenote_category":0,"footnotes":""},"aioseo_notices":[],"_links":{"self":[{"href":"https:\/\/dsg1988.de\/index.php?rest_route=\/wp\/v2\/pages\/198"}],"collection":[{"href":"https:\/\/dsg1988.de\/index.php?rest_route=\/wp\/v2\/pages"}],"about":[{"href":"https:\/\/dsg1988.de\/index.php?rest_route=\/wp\/v2\/types\/page"}],"author":[{"embeddable":true,"href":"https:\/\/dsg1988.de\/index.php?rest_route=\/wp\/v2\/users\/1"}],"replies":[{"embeddable":true,"href":"https:\/\/dsg1988.de\/index.php?rest_route=%2Fwp%2Fv2%2Fcomments&post=198"}],"version-history":[{"count":3,"href":"https:\/\/dsg1988.de\/index.php?rest_route=\/wp\/v2\/pages\/198\/revisions"}],"predecessor-version":[{"id":272,"href":"https:\/\/dsg1988.de\/index.php?rest_route=\/wp\/v2\/pages\/198\/revisions\/272"}],"wp:attachment":[{"href":"https:\/\/dsg1988.de\/index.php?rest_route=%2Fwp%2Fv2%2Fmedia&parent=198"}],"curies":[{"name":"wp","href":"https:\/\/api.w.org\/{rel}","templated":true}]}}