{"id":189,"date":"2023-10-06T17:50:44","date_gmt":"2023-10-06T17:50:44","guid":{"rendered":"https:\/\/dsg1988.de\/?page_id=189"},"modified":"2024-03-18T09:26:31","modified_gmt":"2024-03-18T09:26:31","slug":"friedens-grundschule-luetgendortmund","status":"publish","type":"page","link":"https:\/\/dsg1988.de\/?page_id=189","title":{"rendered":"Friedens-Grundschule (L\u00fctgendortmund)"},"content":{"rendered":"\n<p class=\"has-white-color has-light-green-cyan-background-color has-text-color has-background\"><strong><a href=\"https:\/\/dsg1988.de\/?page_id=192\" data-type=\"page\" data-id=\"192\">Heinrich-B\u00f6ll-Gesamtschule (L\u00fctgendortmund)<\/a> | <a href=\"https:\/\/dsg1988.de\/?page_id=186\" data-type=\"page\" data-id=\"186\">Dorney-Grundschule (Kley)<\/a> | <a href=\"https:\/\/dsg1988.de\/?page_id=189\" data-type=\"page\" data-id=\"189\">Friedens-Grundschule (L\u00fctgendortmund)<\/a><\/strong><\/p>\n\n\n\n<p>Von Ende 2017 bis Juni 2019 boten wir an der Friedensgrundschule in L\u00fctgendortmund eine Judo-AG an, bei welcher ein besonderes Augenmerk auf den integrativen und sozialen Aspekt des Kampfsportes gelegt wurde. <\/p>\n","protected":false},"excerpt":{"rendered":"<p>Heinrich-B\u00f6ll-Gesamtschule (L\u00fctgendortmund) | Dorney-Grundschule (Kley) | Friedens-Grundschule (L\u00fctgendortmund) Von Ende 2017 bis Juni 2019 boten wir an der Friedensgrundschule in L\u00fctgendortmund eine Judo-AG an, bei welcher ein besonderes [&hellip;]<\/p>\n","protected":false},"author":1,"featured_media":0,"parent":0,"menu_order":0,"comment_status":"closed","ping_status":"closed","template":"","meta":{"om_disable_all_campaigns":false,"_monsterinsights_skip_tracking":false,"_monsterinsights_sitenote_active":false,"_monsterinsights_sitenote_note":"","_monsterinsights_sitenote_category":0,"footnotes":""},"aioseo_notices":[],"_links":{"self":[{"href":"https:\/\/dsg1988.de\/index.php?rest_route=\/wp\/v2\/pages\/189"}],"collection":[{"href":"https:\/\/dsg1988.de\/index.php?rest_route=\/wp\/v2\/pages"}],"about":[{"href":"https:\/\/dsg1988.de\/index.php?rest_route=\/wp\/v2\/types\/page"}],"author":[{"embeddable":true,"href":"https:\/\/dsg1988.de\/index.php?rest_route=\/wp\/v2\/users\/1"}],"replies":[{"embeddable":true,"href":"https:\/\/dsg1988.de\/index.php?rest_route=%2Fwp%2Fv2%2Fcomments&post=189"}],"version-history":[{"count":2,"href":"https:\/\/dsg1988.de\/index.php?rest_route=\/wp\/v2\/pages\/189\/revisions"}],"predecessor-version":[{"id":459,"href":"https:\/\/dsg1988.de\/index.php?rest_route=\/wp\/v2\/pages\/189\/revisions\/459"}],"wp:attachment":[{"href":"https:\/\/dsg1988.de\/index.php?rest_route=%2Fwp%2Fv2%2Fmedia&parent=189"}],"curies":[{"name":"wp","href":"https:\/\/api.w.org\/{rel}","templated":true}]}}