{"id":183,"date":"2023-10-06T17:46:57","date_gmt":"2023-10-06T17:46:57","guid":{"rendered":"https:\/\/dsg1988.de\/?page_id=183"},"modified":"2024-03-18T09:08:19","modified_gmt":"2024-03-18T09:08:19","slug":"soziales","status":"publish","type":"page","link":"https:\/\/dsg1988.de\/?page_id=183","title":{"rendered":"Soziales"},"content":{"rendered":"\n<p class=\"has-white-color has-light-green-cyan-background-color has-text-color has-background\"><strong><a href=\"https:\/\/dsg1988.de\/?page_id=192\" data-type=\"page\" data-id=\"192\">Heinrich-B\u00f6ll-Gesamtschule (L\u00fctgendortmund)<\/a> | <a href=\"https:\/\/dsg1988.de\/?page_id=186\" data-type=\"page\" data-id=\"186\">Dorney-Grundschule (Kley)<\/a> | <a href=\"https:\/\/dsg1988.de\/?page_id=189\" data-type=\"page\" data-id=\"189\">Friedens-Grundschule (L\u00fctgendortmund)<\/a><\/strong><\/p>\n\n\n\n<p>Als gemeinn\u00fctziger Verein sieht sich die Dortmunder Sportgemeinschaft nicht nur der Pflege des Sportes verpflichtet, sondern sieht sich in der Verantwortung die innerhalb des Vereins gelebten Grunds\u00e4tze von Toleranz, Sportsgeist und Freundschaft auch nach au\u00dfen zu tragen. So helfen unsere \u00dcbungsleiter bei Problemen rund um das Thema Vereinsbeitr\u00e4ge und Arbeitslosengeld gern weiter. W\u00e4hrend des Trainings ist uns auch die Vermittlung normativer Werte durch den Sport wichtig und wollen damit einen Dienst an der Gesellschaft leisten.<\/p>\n\n\n\n<p><em>H\u00f6flichkeit, Hilfsbereitschaft, Ehrlichkeit, Ernsthaftigkeit, Respekt, Bescheidenheit, Wertsch\u00e4tzung, Mut, Selbstbeherrschung und Freundschaft<\/em><\/p>\n\n\n\n<p>sind nicht nur Platit\u00fcden, sondern werden von unseren Trainern und Mitgliedern stets beherzigt.<\/p>\n\n\n\n<p>Seit 2016 bieten wir unter anderem Fl\u00fcchtlingsheimen kostenloses Training im Judo an. Zudem geh\u00f6ren Angebote im Offenen Ganztag zu unseren Kernkompetenzen. Fragen Sie uns gerne an!<\/p>\n","protected":false},"excerpt":{"rendered":"<p>Heinrich-B\u00f6ll-Gesamtschule (L\u00fctgendortmund) | Dorney-Grundschule (Kley) | Friedens-Grundschule (L\u00fctgendortmund) Als gemeinn\u00fctziger Verein sieht sich die Dortmunder Sportgemeinschaft nicht nur der Pflege des Sportes verpflichtet, sondern sieht sich in der [&hellip;]<\/p>\n","protected":false},"author":1,"featured_media":0,"parent":0,"menu_order":0,"comment_status":"closed","ping_status":"closed","template":"","meta":{"om_disable_all_campaigns":false,"_monsterinsights_skip_tracking":false,"_monsterinsights_sitenote_active":false,"_monsterinsights_sitenote_note":"","_monsterinsights_sitenote_category":0,"footnotes":""},"aioseo_notices":[],"_links":{"self":[{"href":"https:\/\/dsg1988.de\/index.php?rest_route=\/wp\/v2\/pages\/183"}],"collection":[{"href":"https:\/\/dsg1988.de\/index.php?rest_route=\/wp\/v2\/pages"}],"about":[{"href":"https:\/\/dsg1988.de\/index.php?rest_route=\/wp\/v2\/types\/page"}],"author":[{"embeddable":true,"href":"https:\/\/dsg1988.de\/index.php?rest_route=\/wp\/v2\/users\/1"}],"replies":[{"embeddable":true,"href":"https:\/\/dsg1988.de\/index.php?rest_route=%2Fwp%2Fv2%2Fcomments&post=183"}],"version-history":[{"count":3,"href":"https:\/\/dsg1988.de\/index.php?rest_route=\/wp\/v2\/pages\/183\/revisions"}],"predecessor-version":[{"id":454,"href":"https:\/\/dsg1988.de\/index.php?rest_route=\/wp\/v2\/pages\/183\/revisions\/454"}],"wp:attachment":[{"href":"https:\/\/dsg1988.de\/index.php?rest_route=%2Fwp%2Fv2%2Fmedia&parent=183"}],"curies":[{"name":"wp","href":"https:\/\/api.w.org\/{rel}","templated":true}]}}